{"id":2,"date":"2016-10-05T11:03:24","date_gmt":"2016-10-05T11:03:24","guid":{"rendered":"http:\/\/www.demerara.games\/?page_id=2"},"modified":"2018-11-16T15:51:07","modified_gmt":"2018-11-16T18:51:07","slug":"about","status":"publish","type":"page","link":"http:\/\/www.demerara.games\/pb\/about\/","title":{"rendered":"Sobre n\u00f3s"},"content":{"rendered":"<p>N\u00f3s somos amigos com hist\u00f3ricos diversificados que se juntaram para fazer jogos legais e polidos. N\u00f3s desenvolvemos jogos para dispositivos m\u00f3veis, desktop e consoles e nosso objetivo \u00e9 entregar experi\u00eancias de jogos novas e incr\u00edveis em nossos produtos. A Demerara Games tem sede em Natal, Brasil, mas trabalhamos com desenvolvedores de v\u00e1rios lugares! Nossa ambi\u00e7\u00e3o\u00a0por qualidade s\u00f3 \u00e9 superada pela nossa paix\u00e3o em desenvolver jogos.<a href=\"http:\/\/www.demerara.games\/wp-content\/uploads\/2016\/10\/teampic_0.png\"><br \/>\n<\/a><\/p>\n<p>Se voc\u00ea quer ficar por dentro de todas as novidades sobre nossos jogos preencha seu email e nome abaixo para se inscrever na nossa lista de email!<\/p>\n<p><!-- Begin Mailchimp Signup Form -->\n<link href=\"\/\/cdn-images.mailchimp.com\/embedcode\/classic-10_7.css\" rel=\"stylesheet\" type=\"text\/css\">\n<style type=\"text\/css\">\n\t#mc_embed_signup{background:#fff; clear:left; font:14px Helvetica,Arial,sans-serif; }\n\t\/* Add your own Mailchimp form style overrides in your site stylesheet or in this style block.\n\t   We recommend moving this block and the preceding CSS link to the HEAD of your HTML file. *\/\n<\/style>\n<div id=\"mc_embed_signup\">\n<form action=\"https:\/\/games.us19.list-manage.com\/subscribe\/post?u=17439ee0a7df3b3eb4813f8e1&amp;id=2577f16e47\" method=\"post\" id=\"mc-embedded-subscribe-form\" name=\"mc-embedded-subscribe-form\" class=\"validate\" target=\"_blank\" novalidate>\n<div id=\"mc_embed_signup_scroll\">\n<div class=\"indicates-required\"><span class=\"asterisk\">*<\/span> indicates required<\/div>\n<div class=\"mc-field-group\">\n\t<label for=\"mce-EMAIL\">Email Address  <span class=\"asterisk\">*<\/span><br \/>\n<\/label><br \/>\n\t<input type=\"email\" value=\"\" name=\"EMAIL\" class=\"required email\" id=\"mce-EMAIL\">\n<\/div>\n<div class=\"mc-field-group\">\n\t<label for=\"mce-NAME\">Name <\/label><br \/>\n\t<input type=\"text\" value=\"\" name=\"NAME\" class=\"\" id=\"mce-NAME\">\n<\/div>\n<div id=\"mce-responses\" class=\"clear\">\n<div class=\"response\" id=\"mce-error-response\" style=\"display:none\"><\/div>\n<div class=\"response\" id=\"mce-success-response\" style=\"display:none\"><\/div>\n<\/p><\/div>\n<p>    <!-- real people should not fill this in and expect good things - do not remove this or risk form bot signups--><\/p>\n<div style=\"position: absolute; left: -5000px;\" aria-hidden=\"true\"><input type=\"text\" name=\"b_17439ee0a7df3b3eb4813f8e1_2577f16e47\" tabindex=\"-1\" value=\"\"><\/div>\n<div class=\"clear\"><input type=\"submit\" value=\"Subscribe\" name=\"subscribe\" id=\"mc-embedded-subscribe\" class=\"button\"><\/div>\n<\/p><\/div>\n<\/form>\n<\/div>\n<p><script type='text\/javascript' src='\/\/s3.amazonaws.com\/downloads.mailchimp.com\/js\/mc-validate.js'><\/script><script type='text\/javascript'>(function($) {window.fnames = new Array(); window.ftypes = new Array();fnames[0]='EMAIL';ftypes[0]='email';fnames[6]='NAME';ftypes[6]='text';}(jQuery));var $mcj = jQuery.noConflict(true);<\/script><br \/>\n<!--End mc_embed_signup--><\/p>","protected":false},"excerpt":{"rendered":"<p>N\u00f3s somos amigos com hist\u00f3ricos diversificados que se juntaram para fazer jogos legais e polidos. N\u00f3s desenvolvemos jogos para dispositivos m\u00f3veis, desktop e consoles e nosso objetivo \u00e9 entregar experi\u00eancias de jogos novas e incr\u00edveis em nossos produtos. A Demerara Games tem sede em Natal, Brasil, mas trabalhamos com desenvolvedores de v\u00e1rios lugares! Nossa ambi\u00e7\u00e3o\u00a0por [&hellip;]<\/p>\n","protected":false},"author":1,"featured_media":88,"parent":0,"menu_order":0,"comment_status":"open","ping_status":"open","template":"","meta":{"footnotes":""},"_links":{"self":[{"href":"http:\/\/www.demerara.games\/pb\/wp-json\/wp\/v2\/pages\/2"}],"collection":[{"href":"http:\/\/www.demerara.games\/pb\/wp-json\/wp\/v2\/pages"}],"about":[{"href":"http:\/\/www.demerara.games\/pb\/wp-json\/wp\/v2\/types\/page"}],"author":[{"embeddable":true,"href":"http:\/\/www.demerara.games\/pb\/wp-json\/wp\/v2\/users\/1"}],"replies":[{"embeddable":true,"href":"http:\/\/www.demerara.games\/pb\/wp-json\/wp\/v2\/comments?post=2"}],"version-history":[{"count":9,"href":"http:\/\/www.demerara.games\/pb\/wp-json\/wp\/v2\/pages\/2\/revisions"}],"predecessor-version":[{"id":217,"href":"http:\/\/www.demerara.games\/pb\/wp-json\/wp\/v2\/pages\/2\/revisions\/217"}],"wp:featuredmedia":[{"embeddable":true,"href":"http:\/\/www.demerara.games\/pb\/wp-json\/wp\/v2\/media\/88"}],"wp:attachment":[{"href":"http:\/\/www.demerara.games\/pb\/wp-json\/wp\/v2\/media?parent=2"}],"curies":[{"name":"wp","href":"https:\/\/api.w.org\/{rel}","templated":true}]}}