{"id":95,"date":"2017-04-29T02:05:37","date_gmt":"2017-04-29T05:05:37","guid":{"rendered":"http:\/\/www.demerara.games\/?page_id=95"},"modified":"2018-11-16T15:58:10","modified_gmt":"2018-11-16T18:58:10","slug":"our-games","status":"publish","type":"page","link":"http:\/\/www.demerara.games\/pb\/our-games\/","title":{"rendered":"Nossos Jogos"},"content":{"rendered":"<p><\/p>\n<p style=\"text-align: left;\">Veja onde encontrar mais informa\u00e7\u00f5es sobre nossos jogos!<\/p>\n<p style=\"text-align: left;\">Clique nas imagens abaixo para acessar a p\u00e1gina de lan\u00e7amento de cada jogo!<\/p>\n<p style=\"text-align: left;\"><a href=\"http:\/\/www.demerara.games\/pb\/release\/resonance\/\"><br \/>\n<img loading=\"lazy\" decoding=\"async\" class=\"wp-image-73 alignnone alignleft\" src=\"http:\/\/www.demerara.games\/wp-content\/uploads\/2017\/04\/BigBanner.png\" alt=\"\" width=\"303\" height=\"166\" srcset=\"http:\/\/www.demerara.games\/wp-content\/uploads\/2017\/04\/BigBanner.png 820w, http:\/\/www.demerara.games\/wp-content\/uploads\/2017\/04\/BigBanner-300x165.png 300w, http:\/\/www.demerara.games\/wp-content\/uploads\/2017\/04\/BigBanner-768x421.png 768w\" sizes=\"(max-width: 303px) 100vw, 303px\" \/><\/a><\/p>\n<p>&nbsp;<\/p>\n<p>&nbsp;<\/p>\n<p>&nbsp;<\/p>\n<p>&nbsp;<\/p>\n<p>&nbsp;<\/p>\n<p style=\"text-align: left;\"><a href=\"http:\/\/www.demerara.games\/pb\/release\/sleight\/\"><img loading=\"lazy\" decoding=\"async\" class=\"size-full wp-image-203 alignleft\" src=\"http:\/\/www.demerara.games\/wp-content\/uploads\/2018\/10\/Cover.png\" alt=\"\" width=\"303\" height=\"229\" srcset=\"http:\/\/www.demerara.games\/wp-content\/uploads\/2018\/10\/Cover.png 716w, http:\/\/www.demerara.games\/wp-content\/uploads\/2018\/10\/Cover-300x226.png 300w\" sizes=\"(max-width: 303px) 100vw, 303px\" \/><\/a><\/p>\n<p>&nbsp;<\/p>\n<p>&nbsp;<\/p>\n<p>&nbsp;<\/p>\n<p>&nbsp;<\/p>\n<p>&nbsp;<\/p>\n<p>&nbsp;<\/p>","protected":false},"excerpt":{"rendered":"<p>Veja onde encontrar mais informa\u00e7\u00f5es sobre nossos jogos! Clique nas imagens abaixo para acessar a p\u00e1gina de lan\u00e7amento de cada jogo! &nbsp; &nbsp; &nbsp; &nbsp; &nbsp; &nbsp; &nbsp; &nbsp; &nbsp; &nbsp; &nbsp;<\/p>\n","protected":false},"author":1,"featured_media":88,"parent":0,"menu_order":0,"comment_status":"closed","ping_status":"closed","template":"","meta":{"footnotes":""},"_links":{"self":[{"href":"http:\/\/www.demerara.games\/pb\/wp-json\/wp\/v2\/pages\/95"}],"collection":[{"href":"http:\/\/www.demerara.games\/pb\/wp-json\/wp\/v2\/pages"}],"about":[{"href":"http:\/\/www.demerara.games\/pb\/wp-json\/wp\/v2\/types\/page"}],"author":[{"embeddable":true,"href":"http:\/\/www.demerara.games\/pb\/wp-json\/wp\/v2\/users\/1"}],"replies":[{"embeddable":true,"href":"http:\/\/www.demerara.games\/pb\/wp-json\/wp\/v2\/comments?post=95"}],"version-history":[{"count":23,"href":"http:\/\/www.demerara.games\/pb\/wp-json\/wp\/v2\/pages\/95\/revisions"}],"predecessor-version":[{"id":221,"href":"http:\/\/www.demerara.games\/pb\/wp-json\/wp\/v2\/pages\/95\/revisions\/221"}],"wp:featuredmedia":[{"embeddable":true,"href":"http:\/\/www.demerara.games\/pb\/wp-json\/wp\/v2\/media\/88"}],"wp:attachment":[{"href":"http:\/\/www.demerara.games\/pb\/wp-json\/wp\/v2\/media?parent=95"}],"curies":[{"name":"wp","href":"https:\/\/api.w.org\/{rel}","templated":true}]}}